{"id":356,"date":"2025-03-19T00:22:02","date_gmt":"2025-03-19T00:22:02","guid":{"rendered":"https:\/\/intrapak.it\/?page_id=356"},"modified":"2026-02-25T14:44:30","modified_gmt":"2026-02-25T14:44:30","slug":"certifications","status":"publish","type":"page","link":"https:\/\/intrapak.it\/en\/certificazioni\/","title":{"rendered":"Certifications"},"content":{"rendered":"<section class=\"IPPageBanner\">\r\n                            <img decoding=\"async\" src=\"https:\/\/intrapak.it\/wp-content\/uploads\/2025\/10\/certificazioni.jpg\" alt=\"\" \/>\r\n                <div class=\"intrapak-container\">\r\n            <div class=\"container\">\r\n                <div class=\"row\">\r\n                    <div class=\"col-sm-12 col-md-12 col-lg-12 col-xl-12 col-xxl-12\">\r\n                        <div class=\"intrapak-wrapper\">\r\n                            <div class=\"element-hidden\">\r\n                                <div class=\"page-title wow animate__animated animate__fadeInUp\" data-wow-duration=\"1s\">_Certifications<\/div>\r\n                            <\/div>\r\n                        <\/div>\r\n                    <\/div>\r\n                <\/div>\r\n            <\/div>\r\n        <\/div>\r\n    <\/section>\r\n\n\n            <section class=\"IP-Certificates\">\r\n            <div class=\"container\">\r\n                <div class=\"row\">\r\n                    <div class=\"col-sm-12 col-md-12 col-lg-12 col-xl-12 col-xxl-12\">\r\n                        <div class=\"intrapak-wrapper\">\r\n                            <div class=\"title-wrapper element-hidden\">\r\n                                <h2 class=\"wow animate__animated animate__fadeInUp\" data-wow-duration=\"1s\">Our certifications<\/h2>\r\n                            <\/div>\r\n                                                            <div class=\"certificates-grid\">\r\n                                                                                                                        <div class=\"grid-item wow animate__animated animate__fadeIn\" data-wow-duration=\"1s\" data-wow-delay=\"0.1s\">\r\n                                                                                                                                                    <a href=\"https:\/\/intrapak.it\/wp-content\/uploads\/2025\/03\/Intrapack-ISO9001-2015.pdf\" target=\"_blank\">\r\n                                                        <span class=\"certificate-title\">ISO 9001:2015<\/span>\r\n                                                    <\/a>\r\n                                                                                                <img decoding=\"async\" class=\"btn-download\" src=\"https:\/\/intrapak.it\/wp-content\/themes\/intrapak\/img\/btn-download.svg\" alt=\"\">\r\n                                            <\/div>\r\n                                              \r\n                                                                                                                                                                <div class=\"grid-item wow animate__animated animate__fadeIn\" data-wow-duration=\"1s\" data-wow-delay=\"0.2s\">\r\n                                                                                                                                                    <a href=\"https:\/\/intrapak.it\/wp-content\/uploads\/2025\/03\/ICIM-15343-050792-00-INTRAPAK.pdf\" target=\"_blank\">\r\n                                                        <span class=\"certificate-title\">UNI EN 15343<\/span>\r\n                                                    <\/a>\r\n                                                                                                <img decoding=\"async\" class=\"btn-download\" src=\"https:\/\/intrapak.it\/wp-content\/themes\/intrapak\/img\/btn-download.svg\" alt=\"\">\r\n                                            <\/div>\r\n                                              \r\n                                                                                                                                                                <div class=\"grid-item wow animate__animated animate__fadeIn\" data-wow-duration=\"1s\" data-wow-delay=\"0.3s\">\r\n                                                                                                                                                    <a href=\"https:\/\/intrapak.it\/wp-content\/uploads\/2026\/01\/FSSC_22000_Packaging-ENG-C818161-0-20260109.pdf\" target=\"_blank\">\r\n                                                        <span class=\"certificate-title\">FSSC 22000<\/span>\r\n                                                    <\/a>\r\n                                                                                                <img decoding=\"async\" class=\"btn-download\" src=\"https:\/\/intrapak.it\/wp-content\/themes\/intrapak\/img\/btn-download.svg\" alt=\"\">\r\n                                            <\/div>\r\n                                              \r\n                                                                                                            <\/div>\r\n                                \r\n                                \r\n                                \r\n                                \r\n\r\n\r\n\r\n\r\n                                                    <\/div>\r\n                    <\/div>\r\n                <\/div>\r\n            <\/div>\r\n        <\/section>\r\n    \n\n            <section class=\"IP-Certificates\">\r\n            <div class=\"container\">\r\n                <div class=\"row\">\r\n                    <div class=\"col-sm-12 col-md-12 col-lg-12 col-xl-12 col-xxl-12\">\r\n                        <div class=\"intrapak-wrapper\">\r\n                            <div class=\"title-wrapper element-hidden\">\r\n                                <h2 class=\"wow animate__animated animate__fadeInUp\" data-wow-duration=\"1s\">GOVERNANCE<\/h2>\r\n                            <\/div>\r\n                                                            <div class=\"certificates-grid\">\r\n                                                                                                                        <div class=\"grid-item wow animate__animated animate__fadeIn\" data-wow-duration=\"1s\" data-wow-delay=\"0.1s\">\r\n                                                                                                                                                    <a href=\"https:\/\/intrapak.it\/wp-content\/uploads\/2025\/03\/2023-Intrapak-CodiceEtico.pdf\" target=\"_blank\">\r\n                                                        <span class=\"certificate-title\">Code of Ethics<\/span>\r\n                                                    <\/a>\r\n                                                                                                <img decoding=\"async\" class=\"btn-download\" src=\"https:\/\/intrapak.it\/wp-content\/themes\/intrapak\/img\/btn-download.svg\" alt=\"\">\r\n                                            <\/div>\r\n                                              \r\n                                                                                                                                                                <div class=\"grid-item wow animate__animated animate__fadeIn\" data-wow-duration=\"1s\" data-wow-delay=\"0.2s\">\r\n                                                                                                                                                    <a href=\"https:\/\/intrapak.it\/wp-content\/uploads\/2026\/02\/2026-02-24-QFSMS-Policy_ENG.pdf\" target=\"_blank\">\r\n                                                        <span class=\"certificate-title\">Quality and Hygiene Policy<\/span>\r\n                                                    <\/a>\r\n                                                                                                <img decoding=\"async\" class=\"btn-download\" src=\"https:\/\/intrapak.it\/wp-content\/themes\/intrapak\/img\/btn-download.svg\" alt=\"\">\r\n                                            <\/div>\r\n                                              \r\n                                                                                                                                                                <div class=\"grid-item wow animate__animated animate__fadeIn\" data-wow-duration=\"1s\" data-wow-delay=\"0.3s\">\r\n                                                                                                                                                    <a href=\"https:\/\/intrapak.it\/wp-content\/uploads\/2025\/08\/Sustainability-Report-INTRAPAK-english-version-2.pdf\" target=\"_blank\">\r\n                                                        <span class=\"certificate-title\">Sustainability Report<\/span>\r\n                                                    <\/a>\r\n                                                                                                <img decoding=\"async\" class=\"btn-download\" src=\"https:\/\/intrapak.it\/wp-content\/themes\/intrapak\/img\/btn-download.svg\" alt=\"\">\r\n                                            <\/div>\r\n                                              \r\n                                                                                                            <\/div>\r\n                                \r\n                                \r\n                                \r\n                                \r\n\r\n\r\n\r\n\r\n                                                    <\/div>\r\n                    <\/div>\r\n                <\/div>\r\n            <\/div>\r\n        <\/section>\r\n    \n\n            <section class=\"IP-side-image-style-six\">\r\n            <div class=\"intrapak-wrapper\">\r\n                <div class=\"wrapper-item\">\r\n                    <div class=\"wrapper-inner h-full\">\r\n                        <div class=\"item-wrap h-full\">\r\n                            <div class=\"item-content h-full\">\r\n                                <div class=\"content-top\">\r\n                                    <div class=\"heading-wrapper\">\r\n                                        <div class='element-hidden'><h2 class='content-heading wow animate__animated animate__fadeInUp' data-wow-duration='1s'>Organized\r<\/h2><\/div>\n<div class='element-hidden'><h2 class='content-heading wow animate__animated animate__fadeInUp' data-wow-duration='1s'>for the\r<\/h2><\/div>\n<div class='element-hidden'><h2 class='content-heading wow animate__animated animate__fadeInUp' data-wow-duration='1s'>maximum\r<\/h2><\/div>\n<div class='element-hidden'><h2 class='content-heading wow animate__animated animate__fadeInUp' data-wow-duration='1s'>quality<\/h2><\/div>                                    <\/div>\r\n                                <\/div>\r\n                                <div class=\"content-bottom\">\r\n                                                                            <div class=\"bottom-title wow animate__animated animate__fadeInUp\" data-wow-duration=\"1s\">Certifications are the seal of our commitment to excellence and guarantee our customers the highest quality, reliability and sustainability, step by step.<\/div>\r\n                                                                                                                <div class=\"descrption wow animate__animated animate__fadeInUp\" data-wow-duration=\"1s\" data-wow-delay=\"0.4s\">\r\n                                            <p>Each department is integrated into a supply chain along which all stages of the production process are subject to strict controls.<\/p>\n                                        <\/div>\r\n                                                                    <\/div>\r\n                            <\/div>\r\n                        <\/div>\r\n                    <\/div>\r\n                <\/div>\r\n                <div class=\"wrapper-item h-full\">\r\n                    <div class=\"img-wrap h-full\">\r\n                                                                            <img decoding=\"async\" src=\"https:\/\/intrapak.it\/wp-content\/uploads\/2025\/03\/IP_IMG_0026-1000x1080.jpg\" alt=\"\" \/>\r\n                                            <\/div>\r\n                <\/div>\r\n            <\/div>\r\n        <\/section>\r\n\r\n    \n\n    <section class=\"IP-Image-Video\">\r\n                    <img decoding=\"async\" src=\"https:\/\/intrapak.it\/wp-content\/uploads\/2025\/04\/INTRAPAK_4368-1920x1080.jpg\" alt=\"\" \/>\r\n            <\/section>\r\n\r\n\n\n            <section class=\"IP-heading-style-two bg-light\">\r\n            <div class=\"container\">\r\n                <div class=\"row\">\r\n                    <div class=\"col-sm-12 col-md-12 col-lg-12 col-xl-12 col-xxl-12\">\r\n                        <div class=\"intrapak-wrapper\">\r\n                                                        <div class=\"title-wrapper wow animate__animated animate__fadeInUp\" data-wow-duration=\"1s\">\r\n                                <h2>Our qualified technicians can carry out tests upon request and cooperate with external accredited bodies to ensure that products are unlocked correctly in terms of quality and integrity, complying with company standards and international regulations. We can guarantee the absence of contamination of what we produce: in fact, we adopt a forced and filtered ventilation system that prevents any kind of external contamination.<\/h2>\r\n                            <\/div>\r\n                                                            <div class=\"desc-wrapper wow animate__animated animate__fadeInUp\" data-wow-duration=\"1s\">\r\n                                    <p>Each product comes with an analytical certificate and production batch number.<br \/>\nOur research and development team works on developing dedicated solutions for specific problems and innovative applications, as well as providing answers to new market trends.<\/p>\n                                <\/div>\r\n                                                    <\/div>\r\n                    <\/div>\r\n                <\/div>\r\n            <\/div>\r\n        <\/section>","protected":false},"excerpt":{"rendered":"","protected":false},"author":1,"featured_media":0,"parent":0,"menu_order":0,"comment_status":"closed","ping_status":"closed","template":"","meta":{"_acf_changed":false,"footnotes":""},"class_list":["post-356","page","type-page","status-publish","hentry","entry"],"acf":[],"yoast_head":"<!-- This site is optimized with the Yoast SEO plugin v27.5 - https:\/\/yoast.com\/product\/yoast-seo-wordpress\/ -->\n<title>Certificazioni e qualit\u00e0 dell&#039;impresa | Intrapak<\/title>\n<meta name=\"description\" content=\"Le certificazioni sono il sigillo del nostro impegno per l\u2019eccellenza e garantiscono la massima qualit\u00e0, affidabilit\u00e0 e sostenibilit\u00e0.\" \/>\n<meta name=\"robots\" content=\"index, follow, max-snippet:-1, max-image-preview:large, max-video-preview:-1\" \/>\n<link rel=\"canonical\" href=\"https:\/\/intrapak.it\/en\/certifications\/\" \/>\n<meta property=\"og:locale\" content=\"en_US\" \/>\n<meta property=\"og:type\" content=\"article\" \/>\n<meta property=\"og:title\" content=\"Certificazioni e qualit\u00e0 dell&#039;impresa | Intrapak\" \/>\n<meta property=\"og:description\" content=\"Le certificazioni sono il sigillo del nostro impegno per l\u2019eccellenza e garantiscono la massima qualit\u00e0, affidabilit\u00e0 e sostenibilit\u00e0.\" \/>\n<meta property=\"og:url\" content=\"https:\/\/intrapak.it\/en\/certifications\/\" \/>\n<meta property=\"og:site_name\" content=\"Intrapak\" \/>\n<meta property=\"article:modified_time\" content=\"2026-02-25T14:44:30+00:00\" \/>\n<meta property=\"og:image\" content=\"https:\/\/intrapak.it\/wp-content\/uploads\/2025\/04\/INTRAPAK_4505.jpg\" \/>\n\t<meta property=\"og:image:width\" content=\"1920\" \/>\n\t<meta property=\"og:image:height\" content=\"1080\" \/>\n\t<meta property=\"og:image:type\" content=\"image\/jpeg\" \/>\n<meta name=\"twitter:card\" content=\"summary_large_image\" \/>\n<script type=\"application\/ld+json\" class=\"yoast-schema-graph\">{\"@context\":\"https:\\\/\\\/schema.org\",\"@graph\":[{\"@type\":\"WebPage\",\"@id\":\"https:\\\/\\\/intrapak.it\\\/certificazioni\\\/\",\"url\":\"https:\\\/\\\/intrapak.it\\\/certificazioni\\\/\",\"name\":\"Certificazioni e qualit\u00e0 dell'impresa | Intrapak\",\"isPartOf\":{\"@id\":\"https:\\\/\\\/intrapak.it\\\/#website\"},\"datePublished\":\"2025-03-19T00:22:02+00:00\",\"dateModified\":\"2026-02-25T14:44:30+00:00\",\"description\":\"Le certificazioni sono il sigillo del nostro impegno per l\u2019eccellenza e garantiscono la massima qualit\u00e0, affidabilit\u00e0 e sostenibilit\u00e0.\",\"breadcrumb\":{\"@id\":\"https:\\\/\\\/intrapak.it\\\/certificazioni\\\/#breadcrumb\"},\"inLanguage\":\"en-US\",\"potentialAction\":[{\"@type\":\"ReadAction\",\"target\":[\"https:\\\/\\\/intrapak.it\\\/certificazioni\\\/\"]}]},{\"@type\":\"BreadcrumbList\",\"@id\":\"https:\\\/\\\/intrapak.it\\\/certificazioni\\\/#breadcrumb\",\"itemListElement\":[{\"@type\":\"ListItem\",\"position\":1,\"name\":\"Home\",\"item\":\"https:\\\/\\\/intrapak.it\\\/\"},{\"@type\":\"ListItem\",\"position\":2,\"name\":\"Certificazioni\"}]},{\"@type\":\"WebSite\",\"@id\":\"https:\\\/\\\/intrapak.it\\\/#website\",\"url\":\"https:\\\/\\\/intrapak.it\\\/\",\"name\":\"Intrapak\",\"description\":\"\",\"publisher\":{\"@id\":\"https:\\\/\\\/intrapak.it\\\/#organization\"},\"potentialAction\":[{\"@type\":\"SearchAction\",\"target\":{\"@type\":\"EntryPoint\",\"urlTemplate\":\"https:\\\/\\\/intrapak.it\\\/?s={search_term_string}\"},\"query-input\":{\"@type\":\"PropertyValueSpecification\",\"valueRequired\":true,\"valueName\":\"search_term_string\"}}],\"inLanguage\":\"en-US\"},{\"@type\":\"Organization\",\"@id\":\"https:\\\/\\\/intrapak.it\\\/#organization\",\"name\":\"Intrapak\",\"url\":\"https:\\\/\\\/intrapak.it\\\/\",\"logo\":{\"@type\":\"ImageObject\",\"inLanguage\":\"en-US\",\"@id\":\"https:\\\/\\\/intrapak.it\\\/#\\\/schema\\\/logo\\\/image\\\/\",\"url\":\"https:\\\/\\\/intrapak.it\\\/wp-content\\\/uploads\\\/2025\\\/03\\\/logo-intrapak.svg\",\"contentUrl\":\"https:\\\/\\\/intrapak.it\\\/wp-content\\\/uploads\\\/2025\\\/03\\\/logo-intrapak.svg\",\"caption\":\"Intrapak\"},\"image\":{\"@id\":\"https:\\\/\\\/intrapak.it\\\/#\\\/schema\\\/logo\\\/image\\\/\"}}]}<\/script>\n<!-- \/ Yoast SEO plugin. -->","yoast_head_json":{"title":"Certifications and enterprise quality | Intrapak","description":"Certifications are the seal of our commitment to excellence and guarantee the highest quality, reliability and sustainability.","robots":{"index":"index","follow":"follow","max-snippet":"max-snippet:-1","max-image-preview":"max-image-preview:large","max-video-preview":"max-video-preview:-1"},"canonical":"https:\/\/intrapak.it\/en\/certifications\/","og_locale":"en_US","og_type":"article","og_title":"Certificazioni e qualit\u00e0 dell'impresa | Intrapak","og_description":"Le certificazioni sono il sigillo del nostro impegno per l\u2019eccellenza e garantiscono la massima qualit\u00e0, affidabilit\u00e0 e sostenibilit\u00e0.","og_url":"https:\/\/intrapak.it\/en\/certifications\/","og_site_name":"Intrapak","article_modified_time":"2026-02-25T14:44:30+00:00","og_image":[{"width":1920,"height":1080,"url":"https:\/\/intrapak.it\/wp-content\/uploads\/2025\/04\/INTRAPAK_4505.jpg","type":"image\/jpeg"}],"twitter_card":"summary_large_image","schema":{"@context":"https:\/\/schema.org","@graph":[{"@type":"WebPage","@id":"https:\/\/intrapak.it\/certificazioni\/","url":"https:\/\/intrapak.it\/certificazioni\/","name":"Certifications and enterprise quality | Intrapak","isPartOf":{"@id":"https:\/\/intrapak.it\/#website"},"datePublished":"2025-03-19T00:22:02+00:00","dateModified":"2026-02-25T14:44:30+00:00","description":"Certifications are the seal of our commitment to excellence and guarantee the highest quality, reliability and sustainability.","breadcrumb":{"@id":"https:\/\/intrapak.it\/certificazioni\/#breadcrumb"},"inLanguage":"en-US","potentialAction":[{"@type":"ReadAction","target":["https:\/\/intrapak.it\/certificazioni\/"]}]},{"@type":"BreadcrumbList","@id":"https:\/\/intrapak.it\/certificazioni\/#breadcrumb","itemListElement":[{"@type":"ListItem","position":1,"name":"Home","item":"https:\/\/intrapak.it\/"},{"@type":"ListItem","position":2,"name":"Certificazioni"}]},{"@type":"WebSite","@id":"https:\/\/intrapak.it\/#website","url":"https:\/\/intrapak.it\/","name":"Intrapak","description":"","publisher":{"@id":"https:\/\/intrapak.it\/#organization"},"potentialAction":[{"@type":"SearchAction","target":{"@type":"EntryPoint","urlTemplate":"https:\/\/intrapak.it\/?s={search_term_string}"},"query-input":{"@type":"PropertyValueSpecification","valueRequired":true,"valueName":"search_term_string"}}],"inLanguage":"en-US"},{"@type":"Organization","@id":"https:\/\/intrapak.it\/#organization","name":"Intrapak","url":"https:\/\/intrapak.it\/","logo":{"@type":"ImageObject","inLanguage":"en-US","@id":"https:\/\/intrapak.it\/#\/schema\/logo\/image\/","url":"https:\/\/intrapak.it\/wp-content\/uploads\/2025\/03\/logo-intrapak.svg","contentUrl":"https:\/\/intrapak.it\/wp-content\/uploads\/2025\/03\/logo-intrapak.svg","caption":"Intrapak"},"image":{"@id":"https:\/\/intrapak.it\/#\/schema\/logo\/image\/"}}]}},"_links":{"self":[{"href":"https:\/\/intrapak.it\/en\/wp-json\/wp\/v2\/pages\/356","targetHints":{"allow":["GET"]}}],"collection":[{"href":"https:\/\/intrapak.it\/en\/wp-json\/wp\/v2\/pages"}],"about":[{"href":"https:\/\/intrapak.it\/en\/wp-json\/wp\/v2\/types\/page"}],"author":[{"embeddable":true,"href":"https:\/\/intrapak.it\/en\/wp-json\/wp\/v2\/users\/1"}],"replies":[{"embeddable":true,"href":"https:\/\/intrapak.it\/en\/wp-json\/wp\/v2\/comments?post=356"}],"version-history":[{"count":13,"href":"https:\/\/intrapak.it\/en\/wp-json\/wp\/v2\/pages\/356\/revisions"}],"predecessor-version":[{"id":646,"href":"https:\/\/intrapak.it\/en\/wp-json\/wp\/v2\/pages\/356\/revisions\/646"}],"wp:attachment":[{"href":"https:\/\/intrapak.it\/en\/wp-json\/wp\/v2\/media?parent=356"}],"curies":[{"name":"wp","href":"https:\/\/api.w.org\/{rel}","templated":true}]}}